{"id":1223,"date":"2024-10-18T09:02:16","date_gmt":"2024-10-18T09:02:16","guid":{"rendered":"https:\/\/www2.marbio.sdu.dk\/?page_id=1223"},"modified":"2024-11-24T14:55:22","modified_gmt":"2024-11-24T14:55:22","slug":"marbioshell-wp3","status":"publish","type":"page","link":"https:\/\/www.marbio.sdu.dk\/?page_id=1223","title":{"rendered":"Marine bio-production and shellfish research (MarBioShell)"},"content":{"rendered":"\n<h2 class=\"wp-block-heading has-text-align-center\" style=\"font-size:clamp(21.536px, 1.346rem + ((1vw - 3.2px) * 1.53), 35px);\"><strong>WP3 Mussel farm models<\/strong><\/h2>\n\n\n\n<p style=\"margin-top:30px\"><em><strong>Aims<\/strong><\/em>: The overall aim of the research in WP3 is to develop easy-to-use tools that can aid planning and design of offshore mussel farms. The objectives and activities to achieve this are as follows:<\/p>\n\n\n\n<ul class=\"wp-block-list\">\n<li style=\"margin-left:10px\">Develop concepts, methods and ultra-fine scale models for description of the flow around individual mussels and smaller clumps of mussels<\/li>\n\n\n\n<li style=\"margin-left:10px\">Develop methods and fine scale models for description of the flow around mussel growth lines and nets established in a farm under varying current and wave conditions<\/li>\n\n\n\n<li style=\"margin-left:10px\">Upscale ultra- and fine-scale models by parameterization of horizontal dispersion and mixing and implement refined mussel growth formulations (from WP2) in meso-scale models to be integrated seamless with coupled larger-scale hydrodynamic-ecological models<\/li>\n\n\n\n<li style=\"margin-left:10px\">Calibrate and verify mussel farm models using dedicated lab and field campaigns<\/li>\n<\/ul>\n\n\n\n<p style=\"margin-top:30px\"><em><strong>Responsible<\/strong><\/em>: Head of Innovation Flemming M\u00f8hlenberg, DHI &amp; Associate Professor Jens Honor\u00e9 Walther, DTU<\/p>\n\n\n\n<p style=\"margin-top:30px\"><em><strong>Scientific staff<\/strong><\/em><\/p>\n\n\n\n<ul class=\"wp-block-list\">\n<li style=\"margin-left:10px\">Head of Innovation Flemming M\u00f8hlenberg, DHI<\/li>\n\n\n\n<li style=\"margin-left:10px\">Head of Innovation Erik Damgaard Christensen, DHI<\/li>\n\n\n\n<li style=\"margin-left:10px\">Lars Yde, DHI<\/li>\n\n\n\n<li style=\"margin-left:10px\">Mads Joakim Birkeland, DHI<\/li>\n\n\n\n<li style=\"margin-left:10px\">Johannes Toph\u00f8j Rasmussen, DTU<\/li>\n\n\n\n<li style=\"margin-left:10px\">Francesca Storti, DTU (PhD-student: Sept 2009 &#8211; April 2010)<\/li>\n\n\n\n<li style=\"margin-left:10px\">Bo Hoffmann J\u00f8rgensen, DTU (Post Doc, April 2010 &#8211; April 2011)<\/li>\n\n\n\n<li style=\"margin-bottom:30px;margin-left:10px\">Associate Professor Jens Honor\u00e9 Walther, DTU<\/li>\n<\/ul>\n\n\n\n<div class=\"wp-block-uagb-container uagb-layout-grid uagb-block-8667a040 alignfull uagb-is-root-container\"><div class=\"uagb-container-inner-blocks-wrap\">\n<figure class=\"wp-block-image size-large is-resized\"><img loading=\"lazy\" decoding=\"async\" width=\"1024\" height=\"768\" src=\"https:\/\/www2.marbio.sdu.dk\/wp-content\/uploads\/2024\/10\/P5180023-1024x768.jpg\" alt=\"\" class=\"wp-image-1235\" style=\"width:auto;height:350px\" srcset=\"https:\/\/www.marbio.sdu.dk\/wp-content\/uploads\/2024\/10\/P5180023-1024x768.jpg 1024w, https:\/\/www.marbio.sdu.dk\/wp-content\/uploads\/2024\/10\/P5180023-300x225.jpg 300w, https:\/\/www.marbio.sdu.dk\/wp-content\/uploads\/2024\/10\/P5180023-768x576.jpg 768w, https:\/\/www.marbio.sdu.dk\/wp-content\/uploads\/2024\/10\/P5180023-1536x1152.jpg 1536w, https:\/\/www.marbio.sdu.dk\/wp-content\/uploads\/2024\/10\/P5180023-2048x1536.jpg 2048w\" sizes=\"auto, (max-width: 1024px) 100vw, 1024px\" \/><\/figure>\n\n\n\n<figure class=\"wp-block-image size-large is-resized\" style=\"margin-left:-60px\"><img loading=\"lazy\" decoding=\"async\" width=\"1024\" height=\"768\" src=\"https:\/\/www2.marbio.sdu.dk\/wp-content\/uploads\/2024\/10\/P6170029-1024x768.jpg\" alt=\"\" class=\"wp-image-1238\" style=\"width:auto;height:350px\" srcset=\"https:\/\/www.marbio.sdu.dk\/wp-content\/uploads\/2024\/10\/P6170029-1024x768.jpg 1024w, https:\/\/www.marbio.sdu.dk\/wp-content\/uploads\/2024\/10\/P6170029-300x225.jpg 300w, https:\/\/www.marbio.sdu.dk\/wp-content\/uploads\/2024\/10\/P6170029-768x576.jpg 768w, https:\/\/www.marbio.sdu.dk\/wp-content\/uploads\/2024\/10\/P6170029-1536x1152.jpg 1536w, https:\/\/www.marbio.sdu.dk\/wp-content\/uploads\/2024\/10\/P6170029-2048x1536.jpg 2048w\" sizes=\"auto, (max-width: 1024px) 100vw, 1024px\" \/><\/figure>\n<\/div><\/div>\n\n\n\n<p style=\"margin-top:-15px;margin-bottom:30px;font-size:clamp(14px, 0.875rem + ((1vw - 3.2px) * 0.114), 15px);\">Fig. 5. PIV experiments where a laser, a camera and computer software was used to estimate the velocity of the jet stream from the exhalent siphon of a blue mussel.<\/p>\n\n\n\n<p style=\"margin-top:30px\"><em><strong>Past activities<\/strong> <\/em>(January 2008 \u2013 March 2012)<\/p>\n\n\n\n<ul class=\"wp-block-list\">\n<li style=\"margin-left:10px\">Meso-scale 2-dimensional models (1000 \u00d7 500 m) have been established to model current speed and transports of algae into a section of a mussel farm. Mussel growth lines (\u2018droppers\u2019) are implemented as \u201cpiers\u201d where the diameter and flow resistance can be varied by the user. Spatial resolution (grid cell sizes) has been varied between 1 m and 0.25 m. Mussel growth is implemented using a \u201csimple\u201d saturation-function between algal carbon concentration and net growth rate that further are scaled to shell length using an allometric function. Grazing loss of phytoplankton is implemented by multiplying growth rate by 3-4 assuming gross growth efficiency between 20 and 33%. The range in resistance and dispersion has been set using a rather comprehensive Norwegian data set (Strohmeier et al. 2005; raw data submitted), but neither current speed (&lt; 5 cm\/s) nor chl&nbsp;<em>a<\/em>&nbsp;(1-3 \u00b5g\/l) are representative for the Great Belt.<\/li>\n\n\n\n<li style=\"margin-left:10px\">Through an external grant (\u20ac 34.000) from the European Fisheries Fund) the current model set-up has been used in 2008 to predict the potential for mussel production near to three Danish fish farms. Although the model still needs to be improved (see above) we believe that even in its current state this tool is superior to most other tools in use.<\/li>\n\n\n\n<li style=\"margin-left:10px\">During winter and spring 2009 the 2-D model has been transferred to 3-D models allowing for modelling of mussel farms in stratified waters, characterized by 2-way flows, and depth gradients in flow speed and phytoplankton. Models have tested thoroughly for mass conservation and numerical stability, and at present the model tool appears robust.<\/li>\n\n\n\n<li style=\"margin-left:10px\">An external FTP project &#8220;Multiscale Simulations Using Particle Vortex Methods with Application to Bluff Body Flow&#8221; (FTP grant 274-08-0258) has allowed us to develop a large scale three-dimensional detailed model of the flow in complex geometries, including flows in biological systems. The goal of the FTP project is to study the aerodynamic stability of long suspension bridges, but we have used this opportunity to perform validation of the software on biological relevant flows &#8211; here the flow through a mussel (Fig 6).<\/li>\n\n\n\n<li style=\"margin-left:10px\">We have performed detailed measurements of the flow rate and the exhalent jet from mussels (Fig. 7). The measurements were conducted at the Marine Biological Research Center (SDU) in Kerteminde. The flow measurements have been used to provide boundary conditions for ultra-fine scale models. Preliminary simulations have been conducted and compare with the measurements, and the work has been published in Marine Ecology Progress Series.<\/li>\n\n\n\n<li style=\"margin-bottom:30px;margin-left:10px\">Azur Hodzic and Peter Johatan Jensen, bachelor students studied elliptic and triangular jets in a laboratory experiment at DTU MEK. Project finished in December 2011.<\/li>\n<\/ul>\n\n\n\n<div class=\"wp-block-uagb-container uagb-layout-grid uagb-block-af621261 alignfull uagb-is-root-container\"><div class=\"uagb-container-inner-blocks-wrap\">\n<figure class=\"wp-block-image size-full is-resized\"><img loading=\"lazy\" decoding=\"async\" width=\"394\" height=\"247\" src=\"https:\/\/www2.marbio.sdu.dk\/wp-content\/uploads\/2024\/10\/Model-of-mussel-jet.jpg\" alt=\"\" class=\"wp-image-1244\" style=\"width:auto;height:350px\" srcset=\"https:\/\/www.marbio.sdu.dk\/wp-content\/uploads\/2024\/10\/Model-of-mussel-jet.jpg 394w, https:\/\/www.marbio.sdu.dk\/wp-content\/uploads\/2024\/10\/Model-of-mussel-jet-300x188.jpg 300w\" sizes=\"auto, (max-width: 394px) 100vw, 394px\" \/><\/figure>\n<\/div><\/div>\n\n\n\n<p style=\"margin-top:-15px;margin-bottom:30px;font-size:clamp(14px, 0.875rem + ((1vw - 3.2px) * 0.114), 15px);\">Fig. 6. Numerical simulation of the exhalant flow from a mussel. The simulations were performed using an in-house 3D vortex method code. The picture shows the flow speed. From report by Florian Willerval and Charles Thouny made during their visit to DTU MEK.<\/p>\n\n\n\n<div class=\"wp-block-uagb-container uagb-layout-grid uagb-block-fed73034 alignfull uagb-is-root-container\"><div class=\"uagb-container-inner-blocks-wrap\">\n<figure class=\"wp-block-image size-full\"><img loading=\"lazy\" decoding=\"async\" width=\"787\" height=\"749\" src=\"https:\/\/www2.marbio.sdu.dk\/wp-content\/uploads\/2024\/10\/PIV-3-pics-together.png\" alt=\"\" class=\"wp-image-1247\" style=\"object-fit:cover\" srcset=\"https:\/\/www.marbio.sdu.dk\/wp-content\/uploads\/2024\/10\/PIV-3-pics-together.png 787w, https:\/\/www.marbio.sdu.dk\/wp-content\/uploads\/2024\/10\/PIV-3-pics-together-300x286.png 300w, https:\/\/www.marbio.sdu.dk\/wp-content\/uploads\/2024\/10\/PIV-3-pics-together-768x731.png 768w\" sizes=\"auto, (max-width: 787px) 100vw, 787px\" \/><\/figure>\n<\/div><\/div>\n\n\n\n<p style=\"margin-top:-15px;margin-bottom:30px;font-size:clamp(14px, 0.875rem + ((1vw - 3.2px) * 0.114), 15px);\">Fig. 7.&nbsp;<em>Mytilus edulis<\/em>. (A) PIV image of captured field showing seeding particles in the jet flow, the exhalant siphon and part of the shell to the lower right. (B) Averaged vector field of the exhalant jet. (C) Contour plot of turbulent kinetic energy showing jet spreading by shear layers.<\/p>\n\n\n\n<p style=\"margin-top:30px\"><em><strong>Ongoing activities<\/strong> (Mar-Dec 2012)<\/em><\/p>\n\n\n\n<p>Critical functions and elements in the meso-scale model are the magnitude of resistance of mussel \u2018droppers\u2019 (i.e. represented by \u2018piers\u2019 in the model), the associated dispersion (i.e. transport of algae from main stem flow to the pier grid cells) and the mussel growth function, especially 1) the minimum concentration that allows positive growth across different sized mussels, 2) contribution from non-algal particles such as proto- and mesozooplankton. The future activities will address these critical functions:<\/p>\n\n\n\n<ul class=\"wp-block-list\">\n<li style=\"margin-left:10px\">Develop, test and apply a Lagrangian, Navier-Stokes equation solver based on the three-dimensional particle vortex method to describe the complex flow around individual mussels and around groups of mussels sitting on a growth rope.<\/li>\n\n\n\n<li style=\"margin-left:10px\">Upscale ultra-fine scale models to \u2018fine scale\u2019 models for description of the flow around mussel growth lines and nets by modelling the resistance from the mussels and lines as a moving porous medium (CFD).<\/li>\n\n\n\n<li style=\"margin-left:10px\">Incorporate process descriptions of flows from ultra-fine and fine scale models into farm-scale models by parameterizing dispersion and mixing functions.<\/li>\n\n\n\n<li style=\"margin-left:10px\">Incorporate refined mussel growth functions, quality and availability of food (studied and quantified in WP2) in the farm model<\/li>\n\n\n\n<li style=\"margin-left:10px\">Thorough test of mussel farm model during 2 dedicated 2-week field campaigns at the research- and demonstration mussel farm in the Great Belt (see below)<\/li>\n\n\n\n<li style=\"margin-left:10px\">Using bottom deployed ADCPs for quantifying depth gradients of flows inside and outside of mussel farm<\/li>\n\n\n\n<li style=\"margin-left:10px\">Sampling mussels along mussel farm and quantifying ingestion rate of algal pigments using the \u2018defaecation method\u2019 and using in situ fluorometers for upstream algal concentration<\/li>\n\n\n\n<li style=\"margin-left:10px\">Test and validate the mussel farm model based on long-term monitoring of abundance, biomass and growth rates of mussels at 8-10 fixed positions in the research- and demonstration mussel farm in the Great Belt (WP7).<\/li>\n\n\n\n<li style=\"margin-left:10px\">Validation and calibration of 3D mussel farm model<\/li>\n\n\n\n<li style=\"margin-left:10px\">Continue measurement on elliptic and triangular jets (ERASMUS student): duration: March 1<sup>st<\/sup>&nbsp;to June 1<sup>st<\/sup>&nbsp;2012.<\/li>\n<\/ul>\n\n\n\n<p style=\"margin-top:30px\"><em><strong>Publications<\/strong><\/em><\/p>\n\n\n\n<p><em>Scientific articles (peer-reviewed)<\/em><\/p>\n\n\n\n<p>Riisg\u00e5rd, H.U., J\u00f8rgensen, B.H., Lundgreen, K., Storti, F., Walther, J.H., Meyer, K.E., Larsen, P.S. (2011). The exhalant jet of mussels (<em>Mytilus edulis<\/em>). Mar. Ecol. Prog. Ser. 437: 147-164<\/p>\n\n\n\n<p><em>Reports<\/em><\/p>\n\n\n\n<p>Willerval T.C.F. (2010). Numerical simulation of the exhalent jet flow from the blue mussel&nbsp;<em>Mytilus edulis<\/em>. (student report 12\/17\/2010). Technical University of Denmark.<\/p>\n\n\n\n<p>Poulsen, M. (2009). (M.Sc. thesis; Dec. 2009). Unders\u00f8gelse af rentable muligheder for dyrkning og h\u00f8st af muslinger dyrket off-shore: Et casestudie. University of Copenhagen.<\/p>\n\n\n\n<p style=\"margin-bottom:30px\">Hodzic, A., Jensen, P.J. (B.Sc. Thesis: Dec. 2011). M\u00e5ling p\u00e5 model af str\u00f8mningud af en musling. Technical University of Denmark.<\/p>\n\n\n\n<div class=\"wp-block-uagb-container uagb-layout-grid uagb-block-cedde460 alignfull uagb-is-root-container\"><div class=\"uagb-container-inner-blocks-wrap\">\n<figure class=\"wp-block-image size-full is-resized\"><img loading=\"lazy\" decoding=\"async\" width=\"1727\" height=\"1299\" src=\"https:\/\/www2.marbio.sdu.dk\/wp-content\/uploads\/2024\/10\/Map-of-locations-vers4.jpg\" alt=\"\" class=\"wp-image-1256\" style=\"width:auto;height:450px\" srcset=\"https:\/\/www.marbio.sdu.dk\/wp-content\/uploads\/2024\/10\/Map-of-locations-vers4.jpg 1727w, https:\/\/www.marbio.sdu.dk\/wp-content\/uploads\/2024\/10\/Map-of-locations-vers4-300x226.jpg 300w, https:\/\/www.marbio.sdu.dk\/wp-content\/uploads\/2024\/10\/Map-of-locations-vers4-1024x770.jpg 1024w, https:\/\/www.marbio.sdu.dk\/wp-content\/uploads\/2024\/10\/Map-of-locations-vers4-768x578.jpg 768w, https:\/\/www.marbio.sdu.dk\/wp-content\/uploads\/2024\/10\/Map-of-locations-vers4-1536x1155.jpg 1536w\" sizes=\"auto, (max-width: 1727px) 100vw, 1727px\" \/><\/figure>\n\n\n\n<figure class=\"wp-block-image size-full is-resized\"><img loading=\"lazy\" decoding=\"async\" width=\"926\" height=\"427\" src=\"https:\/\/www2.marbio.sdu.dk\/wp-content\/uploads\/2024\/10\/WP2-billede1.jpg\" alt=\"\" class=\"wp-image-1253\" style=\"width:600px\" srcset=\"https:\/\/www.marbio.sdu.dk\/wp-content\/uploads\/2024\/10\/WP2-billede1.jpg 926w, https:\/\/www.marbio.sdu.dk\/wp-content\/uploads\/2024\/10\/WP2-billede1-300x138.jpg 300w, https:\/\/www.marbio.sdu.dk\/wp-content\/uploads\/2024\/10\/WP2-billede1-768x354.jpg 768w\" sizes=\"auto, (max-width: 926px) 100vw, 926px\" \/><\/figure>\n<\/div><\/div>\n\n\n\n<p style=\"margin-top:-15px;margin-bottom:30px;font-size:clamp(14px, 0.875rem + ((1vw - 3.2px) * 0.114), 15px);\">Fig. 8. Map of Denmark showing the locations for field growth experiments with&nbsp;<em>Mytilus edulis<\/em>&nbsp;hung up in net bags at different localities in Great Belt and in Limfjorden. Buoy-system with mussels in net-bags.<\/p>\n","protected":false},"excerpt":{"rendered":"<p>WP3 Mussel farm models Aims: The overall aim of the research in WP3 is to develop easy-to-use tools that can aid planning and design of offshore mussel farms. The objectives and activities to achieve this are as follows: Responsible: Head of Innovation Flemming M\u00f8hlenberg, DHI &amp; Associate Professor Jens Honor\u00e9 Walther, DTU Scientific staff Fig. [&hellip;]<\/p>\n","protected":false},"author":2,"featured_media":209,"parent":0,"menu_order":0,"comment_status":"closed","ping_status":"closed","template":"","meta":{"_uag_custom_page_level_css":"","footnotes":""},"class_list":["post-1223","page","type-page","status-publish","has-post-thumbnail","hentry"],"uagb_featured_image_src":{"full":["https:\/\/www.marbio.sdu.dk\/wp-content\/uploads\/2024\/10\/MarBioShell-3-pics.jpg",598,78,false],"thumbnail":["https:\/\/www.marbio.sdu.dk\/wp-content\/uploads\/2024\/10\/MarBioShell-3-pics-150x78.jpg",150,78,true],"medium":["https:\/\/www.marbio.sdu.dk\/wp-content\/uploads\/2024\/10\/MarBioShell-3-pics-300x39.jpg",300,39,true],"medium_large":["https:\/\/www.marbio.sdu.dk\/wp-content\/uploads\/2024\/10\/MarBioShell-3-pics.jpg",598,78,false],"large":["https:\/\/www.marbio.sdu.dk\/wp-content\/uploads\/2024\/10\/MarBioShell-3-pics.jpg",598,78,false],"1536x1536":["https:\/\/www.marbio.sdu.dk\/wp-content\/uploads\/2024\/10\/MarBioShell-3-pics.jpg",598,78,false],"2048x2048":["https:\/\/www.marbio.sdu.dk\/wp-content\/uploads\/2024\/10\/MarBioShell-3-pics.jpg",598,78,false]},"uagb_author_info":{"display_name":"hur@biology.sdu.dk","author_link":"https:\/\/www.marbio.sdu.dk\/?author=2"},"uagb_comment_info":0,"uagb_excerpt":"WP3 Mussel farm models Aims: The overall aim of the research in WP3 is to develop easy-to-use tools that can aid planning and design of offshore mussel farms. The objectives and activities to achieve this are as follows: Responsible: Head of Innovation Flemming M\u00f8hlenberg, DHI &amp; Associate Professor Jens Honor\u00e9 Walther, DTU Scientific staff Fig.&hellip;","_links":{"self":[{"href":"https:\/\/www.marbio.sdu.dk\/index.php?rest_route=\/wp\/v2\/pages\/1223","targetHints":{"allow":["GET"]}}],"collection":[{"href":"https:\/\/www.marbio.sdu.dk\/index.php?rest_route=\/wp\/v2\/pages"}],"about":[{"href":"https:\/\/www.marbio.sdu.dk\/index.php?rest_route=\/wp\/v2\/types\/page"}],"author":[{"embeddable":true,"href":"https:\/\/www.marbio.sdu.dk\/index.php?rest_route=\/wp\/v2\/users\/2"}],"replies":[{"embeddable":true,"href":"https:\/\/www.marbio.sdu.dk\/index.php?rest_route=%2Fwp%2Fv2%2Fcomments&post=1223"}],"version-history":[{"count":20,"href":"https:\/\/www.marbio.sdu.dk\/index.php?rest_route=\/wp\/v2\/pages\/1223\/revisions"}],"predecessor-version":[{"id":6779,"href":"https:\/\/www.marbio.sdu.dk\/index.php?rest_route=\/wp\/v2\/pages\/1223\/revisions\/6779"}],"wp:featuredmedia":[{"embeddable":true,"href":"https:\/\/www.marbio.sdu.dk\/index.php?rest_route=\/wp\/v2\/media\/209"}],"wp:attachment":[{"href":"https:\/\/www.marbio.sdu.dk\/index.php?rest_route=%2Fwp%2Fv2%2Fmedia&parent=1223"}],"curies":[{"name":"wp","href":"https:\/\/api.w.org\/{rel}","templated":true}]}}